{"id":138,"date":"2024-12-20T10:59:35","date_gmt":"2024-12-20T10:59:35","guid":{"rendered":"https:\/\/fewo-loeningen.de\/?page_id=138"},"modified":"2025-08-26T12:21:37","modified_gmt":"2025-08-26T12:21:37","slug":"buchungskalender","status":"publish","type":"page","link":"https:\/\/fewo-loeningen.de\/index.php\/buchungskalender\/","title":{"rendered":"Online-Buchung leicht gemacht"},"content":{"rendered":"\n<p>Damit Sie Ihre Unterkunft jederzeit bequem reservieren k\u00f6nnen, stellen wir Ihnen einen praktischen Online-Buchungskalender zur Verf\u00fcgung. \u00dcber unseren Partner <strong>Webplanner<\/strong> haben Sie die M\u00f6glichkeit, freie Zeiten direkt einzusehen und Ihre Wunschtermine sofort online zu buchen.<\/p>\n\n\n\n<p>So profitieren Sie:<\/p>\n\n\n\n<ul class=\"wp-block-list\">\n<li><strong>Aktuelle Verf\u00fcgbarkeiten<\/strong> nahezu in Echtzeit<\/li>\n\n\n\n<li><strong>Einfache Buchung<\/strong> rund um die Uhr<\/li>\n\n\n\n<li><strong>Sichere und DSGVO-Konforme Datenverarbeitung<\/strong><\/li>\n\n\n\n<li><strong>Online Zahlung<\/strong> \u00fcber Paypal, Google-Pay, VISA- oder MasterCard sowie American Express<\/li>\n<\/ul>\n\n\n\n<p>Klicken Sie einfach in den Kalender, w\u00e4hlen Sie den passenden Termin und best\u00e4tigen Sie Ihre Buchung \u2013 schnell und unkompliziert.<\/p>\n\n\n\n<iframe loading=\"lazy\" name=\"webplanner26099\" width=\"100%\" frameborder=\"0\" height=\"710\" src=\"https:\/\/www.webplanner.de\/tools\/?6c3539333c3c3070393065343064363069\"><\/iframe><script type=\"text\/javascript\" src=\"https:\/\/www.webplanner.de\/tools\/js\/12188-26099.js\"><\/script>\n","protected":false},"excerpt":{"rendered":"<p>Damit Sie Ihre Unterkunft jederzeit bequem reservieren k\u00f6nnen, stellen wir Ihnen einen praktischen Online-Buchungskalender zur Verf\u00fcgung. \u00dcber unseren Partner Webplanner haben Sie die M\u00f6glichkeit, freie Zeiten direkt einzusehen und Ihre &#8230;<\/p>\n","protected":false},"author":2,"featured_media":0,"parent":0,"menu_order":0,"comment_status":"closed","ping_status":"closed","template":"","meta":{"footnotes":""},"class_list":["post-138","page","type-page","status-publish","hentry"],"_links":{"self":[{"href":"https:\/\/fewo-loeningen.de\/index.php\/wp-json\/wp\/v2\/pages\/138","targetHints":{"allow":["GET"]}}],"collection":[{"href":"https:\/\/fewo-loeningen.de\/index.php\/wp-json\/wp\/v2\/pages"}],"about":[{"href":"https:\/\/fewo-loeningen.de\/index.php\/wp-json\/wp\/v2\/types\/page"}],"author":[{"embeddable":true,"href":"https:\/\/fewo-loeningen.de\/index.php\/wp-json\/wp\/v2\/users\/2"}],"replies":[{"embeddable":true,"href":"https:\/\/fewo-loeningen.de\/index.php\/wp-json\/wp\/v2\/comments?post=138"}],"version-history":[{"count":27,"href":"https:\/\/fewo-loeningen.de\/index.php\/wp-json\/wp\/v2\/pages\/138\/revisions"}],"predecessor-version":[{"id":1689,"href":"https:\/\/fewo-loeningen.de\/index.php\/wp-json\/wp\/v2\/pages\/138\/revisions\/1689"}],"wp:attachment":[{"href":"https:\/\/fewo-loeningen.de\/index.php\/wp-json\/wp\/v2\/media?parent=138"}],"curies":[{"name":"wp","href":"https:\/\/api.w.org\/{rel}","templated":true}]}}