{"id":1432,"date":"2025-08-14T09:47:40","date_gmt":"2025-08-14T09:47:40","guid":{"rendered":"https:\/\/fewo-loeningen.de\/?page_id=1432"},"modified":"2025-08-14T09:47:41","modified_gmt":"2025-08-14T09:47:41","slug":"impressum","status":"publish","type":"page","link":"https:\/\/fewo-loeningen.de\/index.php\/impressum\/","title":{"rendered":"Impressum"},"content":{"rendered":"\n<p><strong>Impressum<\/strong><br><em>(Angaben gem\u00e4\u00df \u00a7 5 TMG)<\/em><\/p>\n\n\n\n<p><strong>Name \/ Betreiber:<\/strong><br>Ralf van Hekeren &amp; Marion Feye<br>Machtigallenbusch 4, 49624 L\u00f6ningen<\/p>\n\n\n\n<p><strong>Kontakt:<\/strong><br>Telefon: +49 5432 30264<br>E-Mail: rhekeren@mac.com<br>Website: https:\/\/www.fewo-loeningen.de<\/p>\n\n\n\n<p><strong>Umsatzsteuer-ID:<\/strong><br>nicht vorhanden<\/p>\n\n\n\n<p><strong>Verantwortlich f\u00fcr den Inhalt nach \u00a7 55 Abs. 2 RStV:<\/strong><br>Ralf van Hekeren &amp; Marion Feye<\/p>\n\n\n\n<hr class=\"wp-block-separator has-alpha-channel-opacity\"\/>\n\n\n\n<p><strong>Haftungsausschluss (Disclaimer)<\/strong><\/p>\n\n\n\n<p><strong>Haftung f\u00fcr Inhalte<\/strong><br>Die Inhalte unserer Seiten wurden mit gr\u00f6\u00dfter Sorgfalt erstellt. F\u00fcr die Richtigkeit, Vollst\u00e4ndigkeit und Aktualit\u00e4t k\u00f6nnen wir jedoch keine Gew\u00e4hr \u00fcbernehmen.<\/p>\n\n\n\n<p><strong>Haftung f\u00fcr Links<\/strong><br>Unsere Website enth\u00e4lt Links zu externen Websites Dritter, auf deren Inhalte wir keinen Einfluss haben. Deshalb k\u00f6nnen wir f\u00fcr diese fremden Inhalte auch keine Gew\u00e4hr \u00fcbernehmen. F\u00fcr die Inhalte der verlinkten Seiten ist stets der jeweilige Anbieter oder Betreiber verantwortlich.<\/p>\n\n\n\n<p><strong>Urheberrecht<\/strong><br>Die auf dieser Website ver\u00f6ffentlichten Inhalte und Werke unterliegen dem deutschen Urheberrecht. Vervielf\u00e4ltigung, Bearbeitung, Verbreitung oder jede Art der Verwertung au\u00dferhalb der Grenzen des Urheberrechts bed\u00fcrfen der schriftlichen Zustimmung des jeweiligen Autors bzw. Erstellers.<\/p>\n","protected":false},"excerpt":{"rendered":"<p>Impressum(Angaben gem\u00e4\u00df \u00a7 5 TMG) Name \/ Betreiber:Ralf van Hekeren &amp; Marion FeyeMachtigallenbusch 4, 49624 L\u00f6ningen Kontakt:Telefon: +49 5432 30264E-Mail: rhekeren@mac.comWebsite: https:\/\/www.fewo-loeningen.de Umsatzsteuer-ID:nicht vorhanden Verantwortlich f\u00fcr den Inhalt nach \u00a7 &#8230;<\/p>\n","protected":false},"author":2,"featured_media":0,"parent":0,"menu_order":0,"comment_status":"closed","ping_status":"closed","template":"","meta":{"footnotes":""},"class_list":["post-1432","page","type-page","status-publish","hentry"],"_links":{"self":[{"href":"https:\/\/fewo-loeningen.de\/index.php\/wp-json\/wp\/v2\/pages\/1432","targetHints":{"allow":["GET"]}}],"collection":[{"href":"https:\/\/fewo-loeningen.de\/index.php\/wp-json\/wp\/v2\/pages"}],"about":[{"href":"https:\/\/fewo-loeningen.de\/index.php\/wp-json\/wp\/v2\/types\/page"}],"author":[{"embeddable":true,"href":"https:\/\/fewo-loeningen.de\/index.php\/wp-json\/wp\/v2\/users\/2"}],"replies":[{"embeddable":true,"href":"https:\/\/fewo-loeningen.de\/index.php\/wp-json\/wp\/v2\/comments?post=1432"}],"version-history":[{"count":1,"href":"https:\/\/fewo-loeningen.de\/index.php\/wp-json\/wp\/v2\/pages\/1432\/revisions"}],"predecessor-version":[{"id":1433,"href":"https:\/\/fewo-loeningen.de\/index.php\/wp-json\/wp\/v2\/pages\/1432\/revisions\/1433"}],"wp:attachment":[{"href":"https:\/\/fewo-loeningen.de\/index.php\/wp-json\/wp\/v2\/media?parent=1432"}],"curies":[{"name":"wp","href":"https:\/\/api.w.org\/{rel}","templated":true}]}}