{"id":35,"date":"2024-11-29T10:56:06","date_gmt":"2024-11-29T10:56:06","guid":{"rendered":"https:\/\/fewo-loeningen.de\/index.php\/colibri-wp\/"},"modified":"2025-08-26T12:12:23","modified_gmt":"2025-08-26T12:12:23","slug":"colibri-wp","status":"publish","type":"page","link":"https:\/\/fewo-loeningen.de\/","title":{"rendered":"Herzlich Willkommen im NICE PLACE"},"content":{"rendered":"\n<p style=\"font-size:30px;line-height:1.2\">Unsere Ferien- &amp; Monteurswohnung im Hasetal<\/p>\n\n\n\n<p class=\"has-medium-font-size\"><strong>Willkommen in Ihrer Auszeit! <\/strong>Urlaub mitten in der Natur \u2013 Ihre Ferienwohnung in L\u00f6ningen-B\u00f6en<\/p>\n\n\n\n<div class=\"wp-block-media-text is-stacked-on-mobile is-vertically-aligned-top shadow\" style=\"grid-template-columns:39% auto\"><figure class=\"wp-block-media-text__media\"><img loading=\"lazy\" decoding=\"async\" width=\"1024\" height=\"769\" src=\"https:\/\/fewo-loeningen.de\/wp-content\/uploads\/2025\/08\/hase-1024x769.jpg\" alt=\"\" class=\"wp-image-1392 size-large\" srcset=\"https:\/\/fewo-loeningen.de\/wp-content\/uploads\/2025\/08\/hase-1024x769.jpg 1024w, https:\/\/fewo-loeningen.de\/wp-content\/uploads\/2025\/08\/hase-300x225.jpg 300w, https:\/\/fewo-loeningen.de\/wp-content\/uploads\/2025\/08\/hase-768x577.jpg 768w, https:\/\/fewo-loeningen.de\/wp-content\/uploads\/2025\/08\/hase.jpg 1428w\" sizes=\"auto, (max-width: 1024px) 100vw, 1024px\" \/><\/figure><div class=\"wp-block-media-text__content\">\n<p>Unsere liebevoll eingerichtete Ferienwohnung liegt im idyllischen L\u00f6ninger Ortsteil <strong>B\u00f6en<\/strong>, eingebettet in eine ruhige Umgebung am Waldrand. Hier k\u00f6nnen Sie den Alltag hinter sich lassen und einfach durchatmen.<\/p>\n\n\n\n<p>Ob aktive Radtouren oder entspannte Stunden in der Natur \u2013 bei uns haben Sie alle M\u00f6glichkeiten:<\/p>\n\n\n\n<ul class=\"wp-block-list\">\n<li>Der beliebte <strong>Hasetalradweg<\/strong> f\u00fchrt ganz in der N\u00e4he vorbei und l\u00e4dt zu ausgedehnten Erkundungstouren durch das sch\u00f6ne Artland und Emsland ein.<\/li>\n\n\n\n<li>Der Fluss <strong>Hase<\/strong> ist schnell erreicht und bietet mit seiner malerischen Landschaft einen idealen Platz zum Verweilen.<\/li>\n\n\n\n<li>Pferdefreunde finden in unmittelbarer Umgebung eine <strong>Reithalle<\/strong> \u2013 perfekt, um Urlaub und Hobby zu verbinden.<\/li>\n<\/ul>\n\n\n\n<p><\/p>\n<\/div><\/div>\n\n\n\n<p><\/p>\n\n\n\n<p>Genie\u00dfen Sie die Ruhe, lauschen Sie dem Vogelgesang im gro\u00dfen Wald direkt vor der T\u00fcr und lassen Sie den Tag auf der Terrasse oder bei einem Glas Wein ausklingen. Unsere Ferienwohnung ist der perfekte Ort f\u00fcr alle, die Erholung suchen,\n                      die Natur lieben und gleichzeitig abwechslungsreiche Freizeitm\u00f6glichkeiten sch\u00e4tzen.<\/p>\n\n\n\n<p><strong>Kommen Sie vorbei \u2013 und machen Sie Ihren Aufenthalt im Hasetal zu etwas ganz Besonderem!<\/strong><\/p>\n\n\n\n<div style=\"height:49px\" aria-hidden=\"true\" class=\"wp-block-spacer\"><\/div>\n\n\n\n<div class=\"wp-block-columns is-layout-flex wp-container-core-columns-is-layout-9d6595d7 wp-block-columns-is-layout-flex\">\n<div class=\"wp-block-column is-layout-flow wp-block-column-is-layout-flow\" style=\"flex-basis:70%\">\n<p class=\"has-medium-font-size\"><strong>Folgendes d\u00fcrfen Sie erwarten:<\/strong><\/p>\n\n\n\n<ul class=\"wp-block-list\">\n<li><strong>Moderne Ausstattung<\/strong>: Unsere 120 m\u00b2 gro\u00dfe Ferienwohnung ist komfortabel eingerichtet und bietet alles, was Sie f\u00fcr einen entspannten Aufenthalt ben\u00f6tigen. Handt\u00fccher und Bettw\u00e4sche sind selbstverst\u00e4ndlich im \u00dcbernachtungspreis\n                            enthalten.<\/li>\n\n\n\n<li><strong>Privatsph\u00e4re:<\/strong> Drei getrennte Schlafr\u00e4ume f\u00fcr bis zu f\u00fcnf Personen<\/li>\n\n\n\n<li><strong>Selbstversorgung:<\/strong> Voll ausgestattete K\u00fcche mit K\u00fchlschrank, Ceran-Kochfeld, Backofen, Sp\u00fclmaschine und Mikrowelle<\/li>\n\n\n\n<li><strong>Natur pur<\/strong>: Direkt vor der Haust\u00fcr beginnen Rad- und Wanderwege, die Sie durch die unber\u00fchrte Landschaft des Hasetals f\u00fchren.<\/li>\n\n\n\n<li><strong>Ruhe und Erholung<\/strong>: Genie\u00dfen Sie die Stille des B\u00f6ener Waldes und lassen Sie den Alltag hinter sich. In unmittelbarer N\u00e4he befindet sich die Reithalle. <\/li>\n\n\n\n<li><strong>Attraktive Umgebung<\/strong>: Ob sportliche Aktivit\u00e4ten, kulturelle Ausfl\u00fcge oder kulinarische Gen\u00fcsse \u2013 die Region bietet f\u00fcr jeden Geschmack etwas. Egal ob Reiterferien oder Radurlaub: Bei uns sind Sie bestens aufgehoben.<\/li>\n\n\n\n<li><strong>Unterhaltung<\/strong>: Unsere Ferienwohnung ist mit G\u00e4ste-WLAN, einer Stereo-Anlage, Netflix-Account und einem riesigen 75 Zoll Flachbildfernseher ausgestattet. Im &#8218;Elternschlafzimmer&#8216; befindet sich ein weiterer Fernseher.<\/li>\n<\/ul>\n<\/div>\n\n\n\n<div class=\"wp-block-column is-layout-flow wp-block-column-is-layout-flow\" style=\"flex-basis:30%\">\n<figure class=\"wp-block-image size-medium is-resized shadow\"><img loading=\"lazy\" decoding=\"async\" width=\"300\" height=\"225\" src=\"https:\/\/fewo-loeningen.de\/wp-content\/uploads\/2025\/08\/IMG_7466-300x225.jpeg\" alt=\"\" class=\"wp-image-1490\" style=\"aspect-ratio:16\/9;object-fit:cover;width:250px\" srcset=\"https:\/\/fewo-loeningen.de\/wp-content\/uploads\/2025\/08\/IMG_7466-300x225.jpeg 300w, https:\/\/fewo-loeningen.de\/wp-content\/uploads\/2025\/08\/IMG_7466-1024x768.jpeg 1024w, https:\/\/fewo-loeningen.de\/wp-content\/uploads\/2025\/08\/IMG_7466-768x576.jpeg 768w, https:\/\/fewo-loeningen.de\/wp-content\/uploads\/2025\/08\/IMG_7466-1536x1152.jpeg 1536w, https:\/\/fewo-loeningen.de\/wp-content\/uploads\/2025\/08\/IMG_7466-2048x1536.jpeg 2048w\" sizes=\"auto, (max-width: 300px) 100vw, 300px\" \/><\/figure>\n\n\n\n<figure class=\"wp-block-image size-medium is-resized shadow\"><img loading=\"lazy\" decoding=\"async\" width=\"300\" height=\"225\" src=\"https:\/\/fewo-loeningen.de\/wp-content\/uploads\/2025\/01\/IMG_7464-1-300x225.jpg\" alt=\"\" class=\"wp-image-1329\" style=\"aspect-ratio:16\/9;object-fit:cover;width:250px\" srcset=\"https:\/\/fewo-loeningen.de\/wp-content\/uploads\/2025\/01\/IMG_7464-1-300x225.jpg 300w, https:\/\/fewo-loeningen.de\/wp-content\/uploads\/2025\/01\/IMG_7464-1-1024x768.jpg 1024w, https:\/\/fewo-loeningen.de\/wp-content\/uploads\/2025\/01\/IMG_7464-1-768x576.jpg 768w, https:\/\/fewo-loeningen.de\/wp-content\/uploads\/2025\/01\/IMG_7464-1-1536x1152.jpg 1536w, https:\/\/fewo-loeningen.de\/wp-content\/uploads\/2025\/01\/IMG_7464-1-2048x1536.jpg 2048w\" sizes=\"auto, (max-width: 300px) 100vw, 300px\" \/><\/figure>\n\n\n\n<figure class=\"wp-block-image size-medium is-resized shadow\"><img loading=\"lazy\" decoding=\"async\" width=\"300\" height=\"169\" src=\"https:\/\/fewo-loeningen.de\/wp-content\/uploads\/2025\/01\/Nachtigallenbusch-4-Living-Room-1-1-300x169.jpeg\" alt=\"\" class=\"wp-image-1340\" style=\"aspect-ratio:16\/9;object-fit:cover;width:250px\" srcset=\"https:\/\/fewo-loeningen.de\/wp-content\/uploads\/2025\/01\/Nachtigallenbusch-4-Living-Room-1-1-300x169.jpeg 300w, https:\/\/fewo-loeningen.de\/wp-content\/uploads\/2025\/01\/Nachtigallenbusch-4-Living-Room-1-1-1024x576.jpeg 1024w, https:\/\/fewo-loeningen.de\/wp-content\/uploads\/2025\/01\/Nachtigallenbusch-4-Living-Room-1-1-768x432.jpeg 768w, https:\/\/fewo-loeningen.de\/wp-content\/uploads\/2025\/01\/Nachtigallenbusch-4-Living-Room-1-1.jpeg 1280w\" sizes=\"auto, (max-width: 300px) 100vw, 300px\" \/><\/figure>\n<\/div>\n<\/div>\n\n\n\n<h3 class=\"wp-block-heading\">PREISINFORMATION (Stand: 08\/2025)<\/h3>\n\n\n\n<figure class=\"wp-block-table is-style-regular\"><table class=\"has-black-color has-text-color has-background has-link-color\" style=\"background-color:#c1d6b3\"><thead><tr><th class=\"has-text-align-left\" data-align=\"left\">Leistungsbeschreibung<\/th><th class=\"has-text-align-right\" data-align=\"right\">betrag<\/th><\/tr><\/thead><tbody><tr><td class=\"has-text-align-left\" data-align=\"left\">\u00dcbernachtung bei einer Belegung mit bis zu 2 Personen <em>(inkl. Bettw\u00e4sche und Handt\u00fccher)<\/em><\/td><td class=\"has-text-align-right\" data-align=\"right\">110,00 EUR<\/td><\/tr><tr><td class=\"has-text-align-left\" data-align=\"left\">Jede weitere Person (bis maximal 5 Personen) <\/td><td class=\"has-text-align-right\" data-align=\"right\">10,00 EUR<\/td><\/tr><tr><td class=\"has-text-align-left\" data-align=\"left\">Ein Haustier<\/td><td class=\"has-text-align-right\" data-align=\"right\">5,00 EUR<\/td><\/tr><tr><td class=\"has-text-align-left\" data-align=\"left\">Endreinigung <em>(einmalig pro Aufenthalt)<\/em><\/td><td class=\"has-text-align-right\" data-align=\"right\">100,00 EUR<\/td><\/tr><\/tbody><\/table><figcaption class=\"wp-element-caption\">Die o. g. Preise gelten je \u00dcbernachtung und bei Buchung \u00fcber unsere Webseite. Die Preise k\u00f6nnen bei den Buchungsportalen abweichen.<\/figcaption><\/figure>\n\n\n\n<p class=\"has-small-font-size\"><\/p>\n\n\n\n<p><strong><a href=\"https:\/\/fewo-loeningen.de\/index.php\/buchungskalender\/\">Buchen<\/a><\/strong><a href=\"https:\/\/fewo-loeningen.de\/index.php\/buchungskalender\/\"><strong> <\/strong><\/a><strong>Sie noch heute, um Ihren Aufenthalt zu planen!<\/strong><\/p>\n\n\n\n<p><\/p>\n","protected":false},"excerpt":{"rendered":"<p>Unsere Ferien- &amp; Monteurswohnung im Hasetal Willkommen in Ihrer Auszeit! Urlaub mitten in der Natur \u2013 Ihre Ferienwohnung in L\u00f6ningen-B\u00f6en Genie\u00dfen Sie die Ruhe, lauschen Sie dem Vogelgesang im gro\u00dfen &#8230;<\/p>\n","protected":false},"author":1,"featured_media":1377,"parent":0,"menu_order":0,"comment_status":"closed","ping_status":"closed","template":"","meta":{"footnotes":""},"class_list":["post-35","page","type-page","status-publish","has-post-thumbnail","hentry"],"_links":{"self":[{"href":"https:\/\/fewo-loeningen.de\/index.php\/wp-json\/wp\/v2\/pages\/35","targetHints":{"allow":["GET"]}}],"collection":[{"href":"https:\/\/fewo-loeningen.de\/index.php\/wp-json\/wp\/v2\/pages"}],"about":[{"href":"https:\/\/fewo-loeningen.de\/index.php\/wp-json\/wp\/v2\/types\/page"}],"author":[{"embeddable":true,"href":"https:\/\/fewo-loeningen.de\/index.php\/wp-json\/wp\/v2\/users\/1"}],"replies":[{"embeddable":true,"href":"https:\/\/fewo-loeningen.de\/index.php\/wp-json\/wp\/v2\/comments?post=35"}],"version-history":[{"count":28,"href":"https:\/\/fewo-loeningen.de\/index.php\/wp-json\/wp\/v2\/pages\/35\/revisions"}],"predecessor-version":[{"id":1679,"href":"https:\/\/fewo-loeningen.de\/index.php\/wp-json\/wp\/v2\/pages\/35\/revisions\/1679"}],"wp:featuredmedia":[{"embeddable":true,"href":"https:\/\/fewo-loeningen.de\/index.php\/wp-json\/wp\/v2\/media\/1377"}],"wp:attachment":[{"href":"https:\/\/fewo-loeningen.de\/index.php\/wp-json\/wp\/v2\/media?parent=35"}],"curies":[{"name":"wp","href":"https:\/\/api.w.org\/{rel}","templated":true}]}}